{"id":9,"date":"2024-08-22T18:08:11","date_gmt":"2024-08-22T16:08:11","guid":{"rendered":"http:\/\/tartaknowywiec.pl\/?page_id=9"},"modified":"2025-04-30T17:44:06","modified_gmt":"2025-04-30T15:44:06","slug":"strona-glowna","status":"publish","type":"page","link":"https:\/\/tartaknowywiec.pl\/","title":{"rendered":"Strona g\u0142\u00f3wna"},"content":{"rendered":"\n<p><strong>Witaj w Tartak Nowy Wiec \u2013 Twoim Partnerze w Drewnie!<\/strong><\/p>\n\n\n\n<p>Szukasz drewna najwy\u017cszej jako\u015bci do swoich projekt\u00f3w? Potrzebujesz solidnych konstrukcji dachowych, niezawodnych materia\u0142\u00f3w wyko\u0144czeniowych, czy mo\u017ce uroczych mebli do ogrodu? Doskonale trafi\u0142e\u015b! W Tartak Nowy Wiec znajdziesz wszystko, czego potrzebujesz, by zrealizowa\u0107 swoje plany \u2013 od solidnych podstaw a\u017c po najdrobniejsze detale.<\/p>\n\n\n\n<p>Nasza oferta to starannie wyselekcjonowane drewno i produkty drzewne, kt\u00f3re sprostaj\u0105 oczekiwaniom nawet najbardziej wymagaj\u0105cych klient\u00f3w. Zaufaj do\u015bwiadczeniu i pasji do drewna, kt\u00f3re wk\u0142adamy w ka\u017cdy element naszej pracy.<\/p>\n\n\n\n<p><\/p>\n","protected":false},"excerpt":{"rendered":"<p>Witaj w Tartak Nowy Wiec \u2013 Twoim Partnerze w Drewnie! Szukasz drewna najwy\u017cszej jako\u015bci do swoich projekt\u00f3w? Potrzebujesz solidnych konstrukcji dachowych, niezawodnych materia\u0142\u00f3w wyko\u0144czeniowych, czy mo\u017ce uroczych mebli do ogrodu? Doskonale trafi\u0142e\u015b! W Tartak Nowy Wiec znajdziesz wszystko, czego potrzebujesz, by zrealizowa\u0107 swoje plany \u2013 od solidnych podstaw a\u017c po najdrobniejsze detale. Nasza oferta to &hellip; <\/p>\n<p class=\"link-more\"><a href=\"https:\/\/tartaknowywiec.pl\/\" class=\"more-link\">Czytaj dalej<span class=\"screen-reader-text\"> \u201eStrona g\u0142\u00f3wna\u201d<\/span><\/a><\/p>\n","protected":false},"author":1,"featured_media":0,"parent":0,"menu_order":0,"comment_status":"closed","ping_status":"closed","template":"","meta":{"footnotes":""},"class_list":["post-9","page","type-page","status-publish","hentry"],"yoast_head":"<!-- This site is optimized with the Yoast SEO plugin v25.6 - https:\/\/yoast.com\/wordpress\/plugins\/seo\/ -->\n<title>Strona g\u0142\u00f3wna - Tartak Nowy Wiec<\/title>\n<meta name=\"robots\" content=\"index, follow, max-snippet:-1, max-image-preview:large, max-video-preview:-1\" \/>\n<link rel=\"canonical\" href=\"https:\/\/tartaknowywiec.pl\/\" \/>\n<meta property=\"og:locale\" content=\"pl_PL\" \/>\n<meta property=\"og:type\" content=\"article\" \/>\n<meta property=\"og:title\" content=\"Strona g\u0142\u00f3wna - Tartak Nowy Wiec\" \/>\n<meta property=\"og:description\" content=\"Witaj w Tartak Nowy Wiec \u2013 Twoim Partnerze w Drewnie! Szukasz drewna najwy\u017cszej jako\u015bci do swoich projekt\u00f3w? Potrzebujesz solidnych konstrukcji dachowych, niezawodnych materia\u0142\u00f3w wyko\u0144czeniowych, czy mo\u017ce uroczych mebli do ogrodu? Doskonale trafi\u0142e\u015b! W Tartak Nowy Wiec znajdziesz wszystko, czego potrzebujesz, by zrealizowa\u0107 swoje plany \u2013 od solidnych podstaw a\u017c po najdrobniejsze detale. Nasza oferta to &hellip; Czytaj dalej \u201eStrona g\u0142\u00f3wna\u201d\" \/>\n<meta property=\"og:url\" content=\"https:\/\/tartaknowywiec.pl\/\" \/>\n<meta property=\"og:site_name\" content=\"Tartak Nowy Wiec\" \/>\n<meta property=\"article:modified_time\" content=\"2025-04-30T15:44:06+00:00\" \/>\n<meta name=\"twitter:card\" content=\"summary_large_image\" \/>\n<script type=\"application\/ld+json\" class=\"yoast-schema-graph\">{\"@context\":\"https:\/\/schema.org\",\"@graph\":[{\"@type\":\"WebPage\",\"@id\":\"https:\/\/tartaknowywiec.pl\/\",\"url\":\"https:\/\/tartaknowywiec.pl\/\",\"name\":\"Strona g\u0142\u00f3wna - Tartak Nowy Wiec\",\"isPartOf\":{\"@id\":\"https:\/\/tartaknowywiec.pl\/#website\"},\"datePublished\":\"2024-08-22T16:08:11+00:00\",\"dateModified\":\"2025-04-30T15:44:06+00:00\",\"breadcrumb\":{\"@id\":\"https:\/\/tartaknowywiec.pl\/#breadcrumb\"},\"inLanguage\":\"pl-PL\",\"potentialAction\":[{\"@type\":\"ReadAction\",\"target\":[\"https:\/\/tartaknowywiec.pl\/\"]}]},{\"@type\":\"BreadcrumbList\",\"@id\":\"https:\/\/tartaknowywiec.pl\/#breadcrumb\",\"itemListElement\":[{\"@type\":\"ListItem\",\"position\":1,\"name\":\"Strona g\u0142\u00f3wna\",\"item\":\"https:\/\/tartaknowywiec.pl\/\"},{\"@type\":\"ListItem\",\"position\":2,\"name\":\"Strona g\u0142\u00f3wna\"}]},{\"@type\":\"WebSite\",\"@id\":\"https:\/\/tartaknowywiec.pl\/#website\",\"url\":\"https:\/\/tartaknowywiec.pl\/\",\"name\":\"Tartak Nowy Wiec\",\"description\":\"Zapraszamy do skorzystania z oferty!\",\"potentialAction\":[{\"@type\":\"SearchAction\",\"target\":{\"@type\":\"EntryPoint\",\"urlTemplate\":\"https:\/\/tartaknowywiec.pl\/?s={search_term_string}\"},\"query-input\":{\"@type\":\"PropertyValueSpecification\",\"valueRequired\":true,\"valueName\":\"search_term_string\"}}],\"inLanguage\":\"pl-PL\"}]}<\/script>\n<!-- \/ Yoast SEO plugin. -->","yoast_head_json":{"title":"Strona g\u0142\u00f3wna - Tartak Nowy Wiec","robots":{"index":"index","follow":"follow","max-snippet":"max-snippet:-1","max-image-preview":"max-image-preview:large","max-video-preview":"max-video-preview:-1"},"canonical":"https:\/\/tartaknowywiec.pl\/","og_locale":"pl_PL","og_type":"article","og_title":"Strona g\u0142\u00f3wna - Tartak Nowy Wiec","og_description":"Witaj w Tartak Nowy Wiec \u2013 Twoim Partnerze w Drewnie! Szukasz drewna najwy\u017cszej jako\u015bci do swoich projekt\u00f3w? Potrzebujesz solidnych konstrukcji dachowych, niezawodnych materia\u0142\u00f3w wyko\u0144czeniowych, czy mo\u017ce uroczych mebli do ogrodu? Doskonale trafi\u0142e\u015b! W Tartak Nowy Wiec znajdziesz wszystko, czego potrzebujesz, by zrealizowa\u0107 swoje plany \u2013 od solidnych podstaw a\u017c po najdrobniejsze detale. Nasza oferta to &hellip; Czytaj dalej \u201eStrona g\u0142\u00f3wna\u201d","og_url":"https:\/\/tartaknowywiec.pl\/","og_site_name":"Tartak Nowy Wiec","article_modified_time":"2025-04-30T15:44:06+00:00","twitter_card":"summary_large_image","schema":{"@context":"https:\/\/schema.org","@graph":[{"@type":"WebPage","@id":"https:\/\/tartaknowywiec.pl\/","url":"https:\/\/tartaknowywiec.pl\/","name":"Strona g\u0142\u00f3wna - Tartak Nowy Wiec","isPartOf":{"@id":"https:\/\/tartaknowywiec.pl\/#website"},"datePublished":"2024-08-22T16:08:11+00:00","dateModified":"2025-04-30T15:44:06+00:00","breadcrumb":{"@id":"https:\/\/tartaknowywiec.pl\/#breadcrumb"},"inLanguage":"pl-PL","potentialAction":[{"@type":"ReadAction","target":["https:\/\/tartaknowywiec.pl\/"]}]},{"@type":"BreadcrumbList","@id":"https:\/\/tartaknowywiec.pl\/#breadcrumb","itemListElement":[{"@type":"ListItem","position":1,"name":"Strona g\u0142\u00f3wna","item":"https:\/\/tartaknowywiec.pl\/"},{"@type":"ListItem","position":2,"name":"Strona g\u0142\u00f3wna"}]},{"@type":"WebSite","@id":"https:\/\/tartaknowywiec.pl\/#website","url":"https:\/\/tartaknowywiec.pl\/","name":"Tartak Nowy Wiec","description":"Zapraszamy do skorzystania z oferty!","potentialAction":[{"@type":"SearchAction","target":{"@type":"EntryPoint","urlTemplate":"https:\/\/tartaknowywiec.pl\/?s={search_term_string}"},"query-input":{"@type":"PropertyValueSpecification","valueRequired":true,"valueName":"search_term_string"}}],"inLanguage":"pl-PL"}]}},"_links":{"self":[{"href":"https:\/\/tartaknowywiec.pl\/index.php\/wp-json\/wp\/v2\/pages\/9","targetHints":{"allow":["GET"]}}],"collection":[{"href":"https:\/\/tartaknowywiec.pl\/index.php\/wp-json\/wp\/v2\/pages"}],"about":[{"href":"https:\/\/tartaknowywiec.pl\/index.php\/wp-json\/wp\/v2\/types\/page"}],"author":[{"embeddable":true,"href":"https:\/\/tartaknowywiec.pl\/index.php\/wp-json\/wp\/v2\/users\/1"}],"replies":[{"embeddable":true,"href":"https:\/\/tartaknowywiec.pl\/index.php\/wp-json\/wp\/v2\/comments?post=9"}],"version-history":[{"count":5,"href":"https:\/\/tartaknowywiec.pl\/index.php\/wp-json\/wp\/v2\/pages\/9\/revisions"}],"predecessor-version":[{"id":58,"href":"https:\/\/tartaknowywiec.pl\/index.php\/wp-json\/wp\/v2\/pages\/9\/revisions\/58"}],"wp:attachment":[{"href":"https:\/\/tartaknowywiec.pl\/index.php\/wp-json\/wp\/v2\/media?parent=9"}],"curies":[{"name":"wp","href":"https:\/\/api.w.org\/{rel}","templated":true}]}}